{"id":5891,"date":"2022-10-19T09:28:09","date_gmt":"2022-10-19T09:28:09","guid":{"rendered":"https:\/\/artbasim.com\/?page_id=5891"},"modified":"2023-10-10T21:59:46","modified_gmt":"2023-10-10T21:59:46","slug":"get-a-quote","status":"publish","type":"page","link":"https:\/\/artbasim.com\/tr\/get-a-quote\/","title":{"rendered":"Get a Quote"},"content":{"rendered":"<div data-elementor-type=\"wp-page\" data-elementor-id=\"5891\" class=\"elementor elementor-5891\">\n\t\t\t\t\t\t<section class=\"elementor-section elementor-top-section elementor-element elementor-element-278ccd2 elementor-section-full_width elementor-section-stretched elementor-section-height-default elementor-section-height-default qodef-elementor-content-no\" data-id=\"278ccd2\" data-element_type=\"section\" data-settings=\"{&quot;stretch_section&quot;:&quot;section-stretched&quot;,&quot;background_background&quot;:&quot;classic&quot;}\">\n\t\t\t\t\t\t<div class=\"elementor-container elementor-column-gap-default\">\n\t\t\t\t\t<div class=\"elementor-column elementor-col-100 elementor-top-column elementor-element elementor-element-1ee42ac\" data-id=\"1ee42ac\" data-element_type=\"column\">\n\t\t\t<div class=\"elementor-widget-wrap\">\n\t\t\t\t\t\t\t<\/div>\n\t\t<\/div>\n\t\t\t\t\t<\/div>\n\t\t<\/section>\n\t\t\t\t<section class=\"elementor-section elementor-top-section elementor-element elementor-element-0cc2a35 elementor-section-boxed elementor-section-height-default elementor-section-height-default qodef-elementor-content-no\" data-id=\"0cc2a35\" data-element_type=\"section\">\n\t\t\t\t\t\t<div class=\"elementor-container elementor-column-gap-default\">\n\t\t\t\t\t<div class=\"elementor-column elementor-col-100 elementor-top-column elementor-element elementor-element-c440b82\" data-id=\"c440b82\" data-element_type=\"column\">\n\t\t\t<div class=\"elementor-widget-wrap elementor-element-populated\">\n\t\t\t\t\t\t<div class=\"elementor-element elementor-element-f1b65dd elementor-widget__width-initial elementor-widget-tablet__width-inherit elementor-widget-mobile__width-inherit elementor-widget elementor-widget-etchy_core_section_title\" data-id=\"f1b65dd\" data-element_type=\"widget\" data-widget_type=\"etchy_core_section_title.default\">\n\t\t\t\t<div class=\"elementor-widget-container\">\n\t\t\t<div class=\"qodef-shortcode qodef-m  qodef-section-title qodef-alignment--left  qodef--custom-icon qodef--has-appear\">\n\t\t<h2 class=\"qodef-m-title translation-block\" ><span class=\"qodef-m-title-line\">Ki\u015fiye \u00d6zel <span class=\"qodef-last-word\">Teklif Talebi<\/span><\/span><\/h2>\n\t\t<\/div>\t\t<\/div>\n\t\t\t\t<\/div>\n\t\t\t\t<div class=\"elementor-element elementor-element-bda296d elementor-widget elementor-widget-text-editor\" data-id=\"bda296d\" data-element_type=\"widget\" data-widget_type=\"text-editor.default\">\n\t\t\t\t<div class=\"elementor-widget-container\">\n\t\t\t<style>\/*! elementor - v3.21.0 - 18-04-2024 *\/\n.elementor-widget-text-editor.elementor-drop-cap-view-stacked .elementor-drop-cap{background-color:#69727d;color:#fff}.elementor-widget-text-editor.elementor-drop-cap-view-framed .elementor-drop-cap{color:#69727d;border:3px solid;background-color:transparent}.elementor-widget-text-editor:not(.elementor-drop-cap-view-default) .elementor-drop-cap{margin-top:8px}.elementor-widget-text-editor:not(.elementor-drop-cap-view-default) .elementor-drop-cap-letter{width:1em;height:1em}.elementor-widget-text-editor .elementor-drop-cap{float:left;text-align:center;line-height:1;font-size:50px}.elementor-widget-text-editor .elementor-drop-cap-letter{display:inline-block}<\/style>\t\t\t\t<p>Bask\u0131 ile alakal\u0131 her hangi bir hizmete mi ihtiyac\u0131n\u0131z var? A\u015fa\u011f\u0131daki formu doldurman\u0131z\u0131 rica ediyoruz. Proje s\u00fcreci boyunca size atanan ki\u015fisel bask\u0131 dan\u0131\u015fman\u0131n\u0131z yard\u0131mc\u0131 olmaktan mutluluk duyacakt\u0131r.<\/p><p class=\" translation-block\">En fazla <strong>2 i\u015f g\u00fcn\u00fc<\/strong> i\u00e7inde sizinle ileti\u015fime ge\u00e7ece\u011fiz.<\/p><p><strong>Fiyatlar\u0131m\u0131z 7 g\u00fcn i\u00e7in ge\u00e7erlidir.<\/strong><\/p>\t\t\t\t\t\t<\/div>\n\t\t\t\t<\/div>\n\t\t\t\t<div class=\"elementor-element elementor-element-289b76d elementor-widget elementor-widget-wp-widget-etchy_core_contact_form_7\" data-id=\"289b76d\" data-element_type=\"widget\" data-widget_type=\"wp-widget-etchy_core_contact_form_7.default\">\n\t\t\t\t<div class=\"elementor-widget-container\">\n\t\t\t\t\t\t<div class=\"qodef-contact-form-7\">\n\t\t\t\t\n<div class=\"wpcf7 no-js\" id=\"wpcf7-f1637-o1\" lang=\"en-US\" dir=\"ltr\">\n<div class=\"screen-reader-response\"><p role=\"status\" aria-live=\"polite\" aria-atomic=\"true\"><\/p> <ul><\/ul><\/div>\n<form action=\"\/tr\/wp-json\/wp\/v2\/pages\/5891#wpcf7-f1637-o1\" method=\"post\" class=\"wpcf7-form init\" aria-label=\"Contact form\" novalidate=\"novalidate\" data-status=\"init\" data-trp-original-action=\"\/tr\/wp-json\/wp\/v2\/pages\/5891#wpcf7-f1637-o1\">\n<div style=\"display: none;\">\n<input type=\"hidden\" name=\"_wpcf7\" value=\"1637\" \/>\n<input type=\"hidden\" name=\"_wpcf7_version\" value=\"5.9.3\" \/>\n<input type=\"hidden\" name=\"_wpcf7_locale\" value=\"en_US\" \/>\n<input type=\"hidden\" name=\"_wpcf7_unit_tag\" value=\"wpcf7-f1637-o1\" \/>\n<input type=\"hidden\" name=\"_wpcf7_container_post\" value=\"0\" \/>\n<input type=\"hidden\" name=\"_wpcf7_posted_data_hash\" value=\"\" \/>\n<\/div>\n<div class=\"qodef-grid qodef-layout--columns qodef-col-num--2 qodef-gutter--tiny\">\n\t<div class=\"qodef-grid-inner\">\n\t\t<div class=\"qodef-grid-item\">\n\t\t\t<p class=\"comment-form-author\">\n\t\t\t<\/p>\n\t\t\t<div class=\"cmFormItem\">\n\t\t\t\t<div class=\"cmFormItemLabel\">\n\t\t\t\t\t<p>Full Name <sup>*required field<\/sup>\n\t\t\t\t\t<\/p>\n\t\t\t\t<\/div>\n\t\t\t\t<div class=\"cmFormItemInput\">\n\t\t\t\t\t<p><span class=\"wpcf7-form-control-wrap\" data-name=\"full_name\"><input size=\"40\" class=\"wpcf7-form-control wpcf7-text wpcf7-validates-as-required\" aria-required=\"true\" aria-invalid=\"false\" value=\"\" type=\"text\" name=\"full_name\" \/><\/span>\n\t\t\t\t\t<\/p>\n\t\t\t\t<\/div>\n\t\t\t<\/div>\n\t\t\t<div class=\"cmFormItemLabel\">\n\t\t\t\t<p>Company Name <span><\/span>\n\t\t\t\t<\/p>\n\t\t\t<\/div>\n\t\t\t<div class=\"cmFormItemInput\">\n\t\t\t\t<p><span class=\"wpcf7-form-control-wrap\" data-name=\"full_name\"><input size=\"40\" class=\"wpcf7-form-control wpcf7-text wpcf7-validates-as-required\" aria-required=\"true\" aria-invalid=\"false\" value=\"\" type=\"text\" name=\"full_name\" \/><\/span>\n\t\t\t\t<\/p>\n\t\t\t<\/div>\n\t\t\t<div class=\"cmFormItemLabel\">\n\t\t\t\t<p>Phone Number <sup>*required field<\/sup>\n\t\t\t\t<\/p>\n\t\t\t<\/div>\n\t\t\t<div class=\"cmFormItemInput\">\n\t\t\t\t<p><span class=\"wpcf7-form-control-wrap\" data-name=\"number-648\"><input class=\"wpcf7-form-control wpcf7-number wpcf7-validates-as-number\" aria-invalid=\"false\" value=\"\" type=\"number\" name=\"number-648\" \/><\/span>\n\t\t\t\t<\/p>\n\t\t\t<\/div>\n\t\t\t<div class=\"cmFormItem\">\n\t\t\t\t<div class=\"cmFormItemLabel\">\n\t\t\t\t\t<p>E-Mail <sup>*required field<\/sup>\n\t\t\t\t\t<\/p>\n\t\t\t\t<\/div>\n\t\t\t\t<div class=\"cmFormItemInput\">\n\t\t\t\t\t<p><span class=\"wpcf7-form-control-wrap\" data-name=\"email\"><input size=\"40\" class=\"wpcf7-form-control wpcf7-email wpcf7-validates-as-required wpcf7-text wpcf7-validates-as-email\" aria-required=\"true\" aria-invalid=\"false\" value=\"\" type=\"email\" name=\"email\" \/><\/span>\n\t\t\t\t\t<\/p>\n\t\t\t\t<\/div>\n\t\t\t<\/div>\n\t\t\t<div class=\"cmFormItem\">\n\t\t\t\t<div class=\"cmFormItemLabel\">\n\t\t\t\t\t<p>Message <sup>*required field<\/sup>\n\t\t\t\t\t<\/p>\n\t\t\t\t<\/div>\n\t\t\t\t<div class=\"cmFormItemTextarea\" >\n\t\t\t\t\t<p><span class=\"wpcf7-form-control-wrap\" data-name=\"Name\"><textarea cols=\"40\" rows=\"10\" class=\"wpcf7-form-control wpcf7-textarea wpcf7-validates-as-required\" aria-required=\"true\" aria-invalid=\"false\" placeholder=\"Please write the features of the product you need with details or just say hello!\" name=\"Name\"><\/textarea><\/span>\n\t\t\t\t\t<\/p>\n\t\t\t\t<\/div>\n\t\t\t<\/div>\n\t\t\t<p>&nbsp;&nbsp;&nbsp;&nbsp;<strong>* Required field<\/strong>\n\t\t\t<\/p>\n\t\t\t<p><span class=\"wpcf7-form-control-wrap\" data-name=\"acceptance-700\"><span class=\"wpcf7-form-control wpcf7-acceptance optional\"><span class=\"wpcf7-list-item\"><label><input type=\"checkbox\" name=\"acceptance-700\" value=\"1\" aria-invalid=\"false\" \/><span class=\"wpcf7-list-item-label\">I agree to receive the Art Basim's newsletter<\/span><\/label><\/span><\/span><\/span>\n\t\t\t<\/p>\n\t\t\t<div class=\"cmFormItem\">\n\t\t\t\t<p><span class=\"wpcf7-form-control-wrap\" data-name=\"acceptance-700\"><span class=\"wpcf7-form-control wpcf7-acceptance\"><span class=\"wpcf7-list-item\"><label><input type=\"checkbox\" name=\"acceptance-700\" value=\"1\" aria-invalid=\"false\" \/><span class=\"wpcf7-list-item-label\">I agree that Art Basim will use the personal data here (name, telephone, mail) in order to respond to my price request<sup>*required field<\/sup><\/span><\/label><\/span><\/span><\/span>\n\t\t\t\t<\/p>\n\t\t\t\t<div class=\"cmFormItemButton\">\n\t\t\t\t\t<p><button class=\"wpcf7-form-control wpcf7-submit qodef-button qodef-size--normal qodef-type--filled qodef-btn-wave-hover qodef-m\" type=\"submit\"><span class=\"qodef-m-text\">Send Form<\/span><span class=\"qodef-btn-masked\"><span class=\"qodef-m-text\">Send Form<\/span><\/span><\/button>\n\t\t\t\t\t<\/p>\n\t\t\t\t<\/div>\n\t\t\t<\/div>\n\t\t<\/div>\n\t<\/div>\n<\/div><div class=\"wpcf7-response-output\" aria-hidden=\"true\"><\/div>\n<input type=\"hidden\" name=\"trp-form-language\" value=\"tr\"\/><\/form>\n<\/div>\n\t\t\t<\/div>\n\t\t\t\t\t<\/div>\n\t\t\t\t<\/div>\n\t\t\t\t\t<\/div>\n\t\t<\/div>\n\t\t\t\t\t<\/div>\n\t\t<\/section>\n\t\t\t\t<\/div>","protected":false},"excerpt":{"rendered":"<p>REQUEST FOR QUOTATION Do you need any high quality printed material? We kindly ask you to fill in the excerpt below. We will assign your personal printing consultant to assist you throughout the entire project. We will contact you within a maximum of 2 business days. Our prices are valid for 7 days.<\/p>","protected":false},"author":2,"featured_media":0,"parent":0,"menu_order":0,"comment_status":"closed","ping_status":"closed","template":"page-full-width.php","meta":{"footnotes":""},"class_list":["post-5891","page","type-page","status-publish","hentry"],"_links":{"self":[{"href":"https:\/\/artbasim.com\/tr\/wp-json\/wp\/v2\/pages\/5891","targetHints":{"allow":["GET"]}}],"collection":[{"href":"https:\/\/artbasim.com\/tr\/wp-json\/wp\/v2\/pages"}],"about":[{"href":"https:\/\/artbasim.com\/tr\/wp-json\/wp\/v2\/types\/page"}],"author":[{"embeddable":true,"href":"https:\/\/artbasim.com\/tr\/wp-json\/wp\/v2\/users\/2"}],"replies":[{"embeddable":true,"href":"https:\/\/artbasim.com\/tr\/wp-json\/wp\/v2\/comments?post=5891"}],"version-history":[{"count":24,"href":"https:\/\/artbasim.com\/tr\/wp-json\/wp\/v2\/pages\/5891\/revisions"}],"predecessor-version":[{"id":6981,"href":"https:\/\/artbasim.com\/tr\/wp-json\/wp\/v2\/pages\/5891\/revisions\/6981"}],"wp:attachment":[{"href":"https:\/\/artbasim.com\/tr\/wp-json\/wp\/v2\/media?parent=5891"}],"curies":[{"name":"wp","href":"https:\/\/api.w.org\/{rel}","templated":true}]}}