{"id":1949,"date":"2020-06-03T09:30:55","date_gmt":"2020-06-03T09:30:55","guid":{"rendered":"https:\/\/etchy.qodeinteractive.com\/?page_id=1949"},"modified":"2023-10-10T21:57:42","modified_gmt":"2023-10-10T21:57:42","slug":"contact-us","status":"publish","type":"page","link":"https:\/\/artbasim.com\/de\/contact-us\/","title":{"rendered":"Kontaktiere uns"},"content":{"rendered":"<div data-elementor-type=\"wp-page\" data-elementor-id=\"1949\" class=\"elementor elementor-1949\">\n\t\t\t\t\t\t<section class=\"elementor-section elementor-top-section elementor-element elementor-element-3dcb10b elementor-section-full_width elementor-section-height-default elementor-section-height-default qodef-elementor-content-no\" data-id=\"3dcb10b\" data-element_type=\"section\" data-settings=\"{&quot;background_background&quot;:&quot;classic&quot;}\">\n\t\t\t\t\t\t<div class=\"elementor-container elementor-column-gap-default\">\n\t\t\t\t\t<div class=\"elementor-column elementor-col-100 elementor-top-column elementor-element elementor-element-283502a\" data-id=\"283502a\" data-element_type=\"column\">\n\t\t\t<div class=\"elementor-widget-wrap elementor-element-populated\">\n\t\t\t\t\t\t<div class=\"elementor-element elementor-element-8ccc0c0 elementor-widget elementor-widget-etchy_core_section_title\" data-id=\"8ccc0c0\" data-element_type=\"widget\" data-widget_type=\"etchy_core_section_title.default\">\n\t\t\t\t<div class=\"elementor-widget-container\">\n\t\t\t<div class=\"qodef-shortcode qodef-m  qodef-section-title qodef-alignment--center  qodef--icon-pack qodef--has-appear\">\n\t\t<h4 class=\"qodef-m-title\" style=\"color: #FFFFFF\">\n\t\t\t\t\t<span class=\"qodef-m-title-line\">Kontakt <span class=\"qodef-last-word\">Uns<span class=\"qodef-m-icon-wrapper\"><span class=\"qodef-shortcode qodef-m  qodef-icon-holder qodef-size--default qodef-layout--normal\">\t            <\/span><\/span><\/span><\/span>\t\t\t<\/h4>\n\t\t<\/div>\t\t<\/div>\n\t\t\t\t<\/div>\n\t\t\t\t\t<\/div>\n\t\t<\/div>\n\t\t\t\t\t<\/div>\n\t\t<\/section>\n\t\t\t\t<section class=\"elementor-section elementor-top-section elementor-element elementor-element-0cc2a35 elementor-section-boxed elementor-section-height-default elementor-section-height-default qodef-elementor-content-no\" data-id=\"0cc2a35\" data-element_type=\"section\">\n\t\t\t\t\t\t<div class=\"elementor-container elementor-column-gap-default\">\n\t\t\t\t\t<div class=\"elementor-column elementor-col-50 elementor-top-column elementor-element elementor-element-c2d8ae5\" data-id=\"c2d8ae5\" data-element_type=\"column\">\n\t\t\t<div class=\"elementor-widget-wrap elementor-element-populated\">\n\t\t\t\t\t\t<div class=\"elementor-element elementor-element-040e38c elementor-widget__width-initial elementor-widget-tablet__width-inherit elementor-widget-mobile__width-inherit elementor-widget elementor-widget-etchy_core_section_title\" data-id=\"040e38c\" data-element_type=\"widget\" data-widget_type=\"etchy_core_section_title.default\">\n\t\t\t\t<div class=\"elementor-widget-container\">\n\t\t\t<div class=\"qodef-shortcode qodef-m  qodef-section-title qodef-alignment--left  qodef--custom-icon qodef--has-appear\">\n\t\t<h4 class=\"qodef-m-title\" >\n\t\t\t\t\t<span class=\"qodef-m-title-line\">KONTAKT <span class=\"qodef-last-word\">Uns<\/span><\/span>\t\t\t<\/h4>\n\t\t<p class=\"qodef-m-subtitle\" style=\"margin-top: 5px\">Erfahren Sie mehr \u00fcber unsere Dienstleistungen und Fragen zu uns.<\/p>\n\t<\/div>\t\t<\/div>\n\t\t\t\t<\/div>\n\t\t\t\t<div class=\"elementor-element elementor-element-66adf2f qodef-custom-contact-link elementor-widget elementor-widget-text-editor\" data-id=\"66adf2f\" data-element_type=\"widget\" data-widget_type=\"text-editor.default\">\n\t\t\t\t<div class=\"elementor-widget-container\">\n\t\t\t<style>\/*! elementor - v3.21.0 - 18-04-2024 *\/\n.elementor-widget-text-editor.elementor-drop-cap-view-stacked .elementor-drop-cap{background-color:#69727d;color:#fff}.elementor-widget-text-editor.elementor-drop-cap-view-framed .elementor-drop-cap{color:#69727d;border:3px solid;background-color:transparent}.elementor-widget-text-editor:not(.elementor-drop-cap-view-default) .elementor-drop-cap{margin-top:8px}.elementor-widget-text-editor:not(.elementor-drop-cap-view-default) .elementor-drop-cap-letter{width:1em;height:1em}.elementor-widget-text-editor .elementor-drop-cap{float:left;text-align:center;line-height:1;font-size:50px}.elementor-widget-text-editor .elementor-drop-cap-letter{display:inline-block}<\/style>\t\t\t\t<a href=\"https:\/\/www.google.com\/maps\/place\/ART+BASIM\/@40.9855904,28.7852203,17z\/data=!3m1!4b1!4m5!3m4!1s0x14caa5cb6a58a2ef:0x5f353e254b5e8b17!8m2!3d40.9855904!4d28.787409\" target=\"_blank\" rel=\"noopener\">\u015eenlikk\u00f6y Mh. Ya\u015far Kemal Sk. No:3\/4, 34153 <br>Bak\u0131rk\u00f6y\/\u0130stanbul, Turkey<\/a>\n<br><br>\n<a href=\"tel: 902126713000\">+90 (212) 671 30 00<\/a>\n<br>\n<a href=\"mailto:&lt;a href=\">info@artbasim.com<\/a>\n<br>\nMon-Sat 8.00 &#8211; 18.00\t\t\t\t\t\t<\/div>\n\t\t\t\t<\/div>\n\t\t\t\t<div class=\"elementor-element elementor-element-f62b76b elementor-widget elementor-widget-google_maps\" data-id=\"f62b76b\" data-element_type=\"widget\" data-widget_type=\"google_maps.default\">\n\t\t\t\t<div class=\"elementor-widget-container\">\n\t\t\t<style>\/*! elementor - v3.21.0 - 18-04-2024 *\/\n.elementor-widget-google_maps .elementor-widget-container{overflow:hidden}.elementor-widget-google_maps .elementor-custom-embed{line-height:0}.elementor-widget-google_maps iframe{height:300px}<\/style>\t\t<div class=\"elementor-custom-embed\">\n\t\t\t<iframe loading=\"lazy\"\n\t\t\t\t\tsrc=\"https:\/\/maps.google.com\/maps?q=ART%20BASIM&#038;t=m&#038;z=11&#038;output=embed&#038;iwloc=near\"\n\t\t\t\t\ttitle=\"ART BASIM\"\n\t\t\t\t\taria-label=\"ART BASIM\"\n\t\t\t><\/iframe>\n\t\t<\/div>\n\t\t\t\t<\/div>\n\t\t\t\t<\/div>\n\t\t\t\t\t<\/div>\n\t\t<\/div>\n\t\t\t\t<div class=\"elementor-column elementor-col-50 elementor-top-column elementor-element elementor-element-c440b82\" data-id=\"c440b82\" data-element_type=\"column\">\n\t\t\t<div class=\"elementor-widget-wrap elementor-element-populated\">\n\t\t\t\t\t\t<div class=\"elementor-element elementor-element-f1b65dd elementor-widget__width-initial elementor-widget-tablet__width-inherit elementor-widget-mobile__width-inherit elementor-widget elementor-widget-etchy_core_section_title\" data-id=\"f1b65dd\" data-element_type=\"widget\" data-widget_type=\"etchy_core_section_title.default\">\n\t\t\t\t<div class=\"elementor-widget-container\">\n\t\t\t<div class=\"qodef-shortcode qodef-m  qodef-section-title qodef-alignment--left  qodef--custom-icon qodef--has-appear\">\n\t\t\t<p class=\"qodef-m-subtitle\" style=\"margin-top: 5px\">F\u00fcllen Sie dieses Kontaktformular aus und wir werden uns so schnell wie m\u00f6glich bei Ihnen melden.<\/p>\n\t<\/div>\t\t<\/div>\n\t\t\t\t<\/div>\n\t\t\t\t<div class=\"elementor-element elementor-element-289b76d elementor-widget elementor-widget-wp-widget-etchy_core_contact_form_7\" data-id=\"289b76d\" data-element_type=\"widget\" data-widget_type=\"wp-widget-etchy_core_contact_form_7.default\">\n\t\t\t\t<div class=\"elementor-widget-container\">\n\t\t\t\t\t\t<div class=\"qodef-contact-form-7\">\n\t\t\t\t\n<div class=\"wpcf7 no-js\" id=\"wpcf7-f5-o1\" lang=\"en-US\" dir=\"ltr\">\n<div class=\"screen-reader-response\"><p role=\"status\" aria-live=\"polite\" aria-atomic=\"true\"><\/p> <ul><\/ul><\/div>\n<form action=\"\/de\/wp-json\/wp\/v2\/pages\/1949#wpcf7-f5-o1\" method=\"post\" class=\"wpcf7-form init\" aria-label=\"Contact form\" novalidate=\"novalidate\" data-status=\"init\" data-trp-original-action=\"\/de\/wp-json\/wp\/v2\/pages\/1949#wpcf7-f5-o1\">\n<div style=\"display: none;\">\n<input type=\"hidden\" name=\"_wpcf7\" value=\"5\" \/>\n<input type=\"hidden\" name=\"_wpcf7_version\" value=\"5.9.3\" \/>\n<input type=\"hidden\" name=\"_wpcf7_locale\" value=\"en_US\" \/>\n<input type=\"hidden\" name=\"_wpcf7_unit_tag\" value=\"wpcf7-f5-o1\" \/>\n<input type=\"hidden\" name=\"_wpcf7_container_post\" value=\"0\" \/>\n<input type=\"hidden\" name=\"_wpcf7_posted_data_hash\" value=\"\" \/>\n<\/div>\n<p><label> Your name<br \/>\n<span class=\"wpcf7-form-control-wrap\" data-name=\"your-name\"><input size=\"40\" class=\"wpcf7-form-control wpcf7-text wpcf7-validates-as-required\" aria-required=\"true\" aria-invalid=\"false\" value=\"\" type=\"text\" name=\"your-name\" \/><\/span> <\/label>\n<\/p>\n<p><label> Your email<br \/>\n<span class=\"wpcf7-form-control-wrap\" data-name=\"your-email\"><input size=\"40\" class=\"wpcf7-form-control wpcf7-email wpcf7-validates-as-required wpcf7-text wpcf7-validates-as-email\" aria-required=\"true\" aria-invalid=\"false\" value=\"\" type=\"email\" name=\"your-email\" \/><\/span> <\/label>\n<\/p>\n<p><label> Subject<br \/>\n<span class=\"wpcf7-form-control-wrap\" data-name=\"your-subject\"><input size=\"40\" class=\"wpcf7-form-control wpcf7-text wpcf7-validates-as-required\" aria-required=\"true\" aria-invalid=\"false\" value=\"\" type=\"text\" name=\"your-subject\" \/><\/span> <\/label>\n<\/p>\n<p><label> Your message (optional)<br \/>\n<span class=\"wpcf7-form-control-wrap\" data-name=\"your-message\"><textarea cols=\"40\" rows=\"10\" class=\"wpcf7-form-control wpcf7-textarea\" aria-invalid=\"false\" name=\"your-message\"><\/textarea><\/span> <\/label>\n<\/p>\n<p><button class=\"wpcf7-form-control wpcf7-submit qodef-button qodef-size--normal qodef-type--filled qodef-btn-wave-hover qodef-m\" type=\"submit\"><span class=\"qodef-m-text\">Submit<\/span><span class=\"qodef-btn-masked\"><span class=\"qodef-m-text\">Submit<\/span><\/span><\/button>\n<\/p><div class=\"wpcf7-response-output\" aria-hidden=\"true\"><\/div>\n<input type=\"hidden\" name=\"trp-form-language\" value=\"de\"\/><\/form>\n<\/div>\n\t\t\t<\/div>\n\t\t\t\t\t<\/div>\n\t\t\t\t<\/div>\n\t\t\t\t\t<\/div>\n\t\t<\/div>\n\t\t\t\t\t<\/div>\n\t\t<\/section>\n\t\t\t\t<section class=\"elementor-section elementor-top-section elementor-element elementor-element-c1d77ae elementor-section-full_width elementor-section-height-default elementor-section-height-default qodef-elementor-content-no\" data-id=\"c1d77ae\" data-element_type=\"section\">\n\t\t\t\t\t\t<div class=\"elementor-container elementor-column-gap-default\">\n\t\t\t\t\t<div class=\"elementor-column elementor-col-100 elementor-top-column elementor-element elementor-element-391c54a\" data-id=\"391c54a\" data-element_type=\"column\">\n\t\t\t<div class=\"elementor-widget-wrap elementor-element-populated\">\n\t\t\t\t\t\t<div class=\"elementor-element elementor-element-1e57ffc elementor-position-right elementor-fixed elementor-vertical-align-top elementor-invisible elementor-widget elementor-widget-image-box\" data-id=\"1e57ffc\" data-element_type=\"widget\" data-settings=\"{&quot;_position&quot;:&quot;fixed&quot;,&quot;_animation&quot;:&quot;fadeInUp&quot;}\" data-widget_type=\"image-box.default\">\n\t\t\t\t<div class=\"elementor-widget-container\">\n\t\t\t<style>\/*! elementor - v3.21.0 - 18-04-2024 *\/\n.elementor-widget-image-box .elementor-image-box-content{width:100%}@media (min-width:768px){.elementor-widget-image-box.elementor-position-left .elementor-image-box-wrapper,.elementor-widget-image-box.elementor-position-right .elementor-image-box-wrapper{display:flex}.elementor-widget-image-box.elementor-position-right .elementor-image-box-wrapper{text-align:end;flex-direction:row-reverse}.elementor-widget-image-box.elementor-position-left .elementor-image-box-wrapper{text-align:start;flex-direction:row}.elementor-widget-image-box.elementor-position-top .elementor-image-box-img{margin:auto}.elementor-widget-image-box.elementor-vertical-align-top .elementor-image-box-wrapper{align-items:flex-start}.elementor-widget-image-box.elementor-vertical-align-middle .elementor-image-box-wrapper{align-items:center}.elementor-widget-image-box.elementor-vertical-align-bottom .elementor-image-box-wrapper{align-items:flex-end}}@media (max-width:767px){.elementor-widget-image-box .elementor-image-box-img{margin-left:auto!important;margin-right:auto!important;margin-bottom:15px}}.elementor-widget-image-box .elementor-image-box-img{display:inline-block}.elementor-widget-image-box .elementor-image-box-title a{color:inherit}.elementor-widget-image-box .elementor-image-box-wrapper{text-align:center}.elementor-widget-image-box .elementor-image-box-description{margin:0}<\/style><div class=\"elementor-image-box-wrapper\"><figure class=\"elementor-image-box-img\"><a href=\"https:\/\/wa.me\/+905359764811\" tabindex=\"-1\" target=\"_blank\" rel=\"noopener\"><img fetchpriority=\"high\" decoding=\"async\" width=\"2855\" height=\"2855\" src=\"https:\/\/artbasim.com\/wp-content\/uploads\/2022\/11\/whatsapp.png\" class=\"elementor-animation-pulse-grow attachment-full size-full wp-image-6867\" alt=\"\" srcset=\"https:\/\/artbasim.com\/wp-content\/uploads\/2022\/11\/whatsapp.png 2855w, https:\/\/artbasim.com\/wp-content\/uploads\/2022\/11\/whatsapp-300x300.png 300w, https:\/\/artbasim.com\/wp-content\/uploads\/2022\/11\/whatsapp-1024x1024.png 1024w, https:\/\/artbasim.com\/wp-content\/uploads\/2022\/11\/whatsapp-150x150.png 150w, https:\/\/artbasim.com\/wp-content\/uploads\/2022\/11\/whatsapp-768x768.png 768w, https:\/\/artbasim.com\/wp-content\/uploads\/2022\/11\/whatsapp-1536x1536.png 1536w, https:\/\/artbasim.com\/wp-content\/uploads\/2022\/11\/whatsapp-2048x2048.png 2048w, https:\/\/artbasim.com\/wp-content\/uploads\/2022\/11\/whatsapp-12x12.png 12w, https:\/\/artbasim.com\/wp-content\/uploads\/2022\/11\/whatsapp-650x650.png 650w, https:\/\/artbasim.com\/wp-content\/uploads\/2022\/11\/whatsapp-1300x1300.png 1300w, https:\/\/artbasim.com\/wp-content\/uploads\/2022\/11\/whatsapp-600x600.png 600w, https:\/\/artbasim.com\/wp-content\/uploads\/2022\/11\/whatsapp-100x100.png 100w\" sizes=\"(max-width: 2855px) 100vw, 2855px\" \/><\/a><\/figure><\/div>\t\t<\/div>\n\t\t\t\t<\/div>\n\t\t\t\t\t<\/div>\n\t\t<\/div>\n\t\t\t\t\t<\/div>\n\t\t<\/section>\n\t\t\t\t<\/div>","protected":false},"excerpt":{"rendered":"<p>contact us Contact us Get to know about our services more and questions about us. \u015eenlikk\u00f6y Mh. Ya\u015far Kemal Sk. No:3\/4, 34153 Bak\u0131rk\u00f6y\/\u0130stanbul, Turkey +90 (212) 671 30 00 info@artbasim.com Mon-Sat 8.00 &#8211; 18.00 Fill out this contact form and we will get back to you ass soon as possible.<\/p>","protected":false},"author":2,"featured_media":0,"parent":0,"menu_order":0,"comment_status":"closed","ping_status":"closed","template":"page-full-width.php","meta":{"footnotes":""},"class_list":["post-1949","page","type-page","status-publish","hentry"],"_links":{"self":[{"href":"https:\/\/artbasim.com\/de\/wp-json\/wp\/v2\/pages\/1949","targetHints":{"allow":["GET"]}}],"collection":[{"href":"https:\/\/artbasim.com\/de\/wp-json\/wp\/v2\/pages"}],"about":[{"href":"https:\/\/artbasim.com\/de\/wp-json\/wp\/v2\/types\/page"}],"author":[{"embeddable":true,"href":"https:\/\/artbasim.com\/de\/wp-json\/wp\/v2\/users\/2"}],"replies":[{"embeddable":true,"href":"https:\/\/artbasim.com\/de\/wp-json\/wp\/v2\/comments?post=1949"}],"version-history":[{"count":57,"href":"https:\/\/artbasim.com\/de\/wp-json\/wp\/v2\/pages\/1949\/revisions"}],"predecessor-version":[{"id":6980,"href":"https:\/\/artbasim.com\/de\/wp-json\/wp\/v2\/pages\/1949\/revisions\/6980"}],"wp:attachment":[{"href":"https:\/\/artbasim.com\/de\/wp-json\/wp\/v2\/media?parent=1949"}],"curies":[{"name":"wp","href":"https:\/\/api.w.org\/{rel}","templated":true}]}}